{"id":393,"date":"2024-01-17T14:44:28","date_gmt":"2024-01-17T14:44:28","guid":{"rendered":"https:\/\/ipvc.es\/?page_id=393"},"modified":"2026-04-07T06:08:42","modified_gmt":"2026-04-07T06:08:42","slug":"galetes","status":"publish","type":"page","link":"https:\/\/ipvc.es\/index.php\/galetes\/","title":{"rendered":"galetes"},"content":{"rendered":"<div class=\"brz-root__container brz-reset-all brz brz-root__container-page\">\n<section id=\"_vY1_ReXky9Vz\" class=\"brz-section brz-section__header brz-css-7mnhet\">\n<div class=\"brz-section__header--animated brz-css-7mnhet\">\n<div class=\"brz-section__header-sticky-item brz-css-1fw33b2 brz-css-19mevb3\" data-brz-custom-id=\"mQnuOqCD5t6d\">\n<div class=\"brz-bg\">\n<div class=\"brz-bg-color\"><\/div>\n<\/div>\n<div class=\"brz-container brz-css-9blymn\">\n<div class=\"brz-row__container brz-css-14gsuxn\" data-brz-custom-id=\"ptPoie9x3flp\">\n<div class=\"brz-bg\"><\/div>\n<div class=\"brz-row brz-css-17r7wna brz-css-mvdj1f\">\n<div class=\"brz-columns brz-css-17qodrh brz-css-vvb6x5\" data-brz-custom-id=\"coR9wKgvSwfN\">\n<div class=\"brz-bg\"><\/div>\n<div class=\"brz-column__items brz-css-17zz5lc brz-css-qnevyp\">\n<div id=\"\" class=\"brz-css-1dr31ur brz-css-bgud2a brz-wrapper\">\n<div class=\"brz-image brz-css-1pnxcir\" data-brz-custom-id=\"usMyei6a2Vuq\"><a class=\"brz-a\" href=\"\" target=\"_self\" rel=\"noopener\" data-brz-link-type=\"page\"><img decoding=\"async\" class=\"brz-img\" src=\"https:\/\/ipvc.es\/wp-content\/uploads\/brizy\/imgs\/ipevece_logo-171x96x0x29x171x39x1703159745.png\" alt=\"\" loading=\"lazy\"><\/a><\/div>\n<\/div>\n<\/div>\n<\/div>\n<\/div>\n<\/div>\n<\/div>\n<\/div>\n<\/div>\n<div class=\"brz-section__menu-item brz-css-xsdoqn brz-css-ak4gx4\" data-brz-custom-id=\"y5m8jAc5Y3Fg\">\n<div class=\"brz-bg\">\n<div class=\"brz-bg-color\"><\/div>\n<\/div>\n<div class=\"brz-container brz-css-1f37jdc\">\n<div class=\"brz-row__container brz-css-14gsuxn\" data-brz-custom-id=\"jFM2eQVJiKp2\">\n<div class=\"brz-bg\"><\/div>\n<div class=\"brz-row brz-css-17r7wna brz-css-1yo7bt1\">\n<div class=\"brz-columns brz-css-17qodrh brz-css-1gqwgyy\" data-brz-custom-id=\"qlj7SAVfS82_\">\n<div class=\"brz-bg\"><\/div>\n<div class=\"brz-column__items brz-css-17zz5lc brz-css-2zcx2f\">\n<div id=\"\" class=\"brz-css-1dr31ur brz-css-xsg3of brz-wrapper\">\n<div class=\"brz-image brz-css-13qz7k2\" data-brz-custom-id=\"gpjctlKIYdJV\"><a class=\"brz-a\" href=\"\" target=\"_self\" rel=\"noopener\" data-brz-link-type=\"page\"><img decoding=\"async\" class=\"brz-img\" src=\"https:\/\/ipvc.es\/wp-content\/uploads\/brizy\/imgs\/ipevece_logo-175x99x0x27x175x45x1703159745.png\" alt=\"\" loading=\"lazy\"><\/a><\/div>\n<\/div>\n<\/div>\n<\/div>\n<div class=\"brz-columns brz-css-17qodrh brz-css-zrnuew\" data-brz-custom-id=\"y1nqdzlx4Wfi\">\n<div class=\"brz-bg\"><\/div>\n<div class=\"brz-column__items brz-css-17zz5lc brz-css-l6ma4x\">\n<div id=\"\" class=\"brz-css-1dr31ur brz-css-cahk44 brz-wrapper\">\n<div class=\"brz-spacer brz-css-1nth39b\"><\/div>\n<\/div>\n<\/div>\n<\/div>\n<\/div>\n<\/div>\n<\/div>\n<\/div>\n<\/section>\n<section id=\"_bqqOtbXBfz1Y\" class=\"brz-section brz-css-aksmmj\">\n<div class=\"brz-section__content brz-section--boxed brz-css-1f991el brz-css-1vppzqd\" data-brz-custom-id=\"coRVQmyDspPf\">\n<div class=\"brz-bg\">\n<div class=\"brz-bg-color\"><\/div>\n<\/div>\n<div class=\"brz-container brz-css-12otasj brz-css-1l8m8dk\">\n<div id=\"\" class=\"brz-css-1dr31ur brz-wrapper\">\n<div class=\"brz-rich-text brz-rich-text__custom brz-css-dobmdp\" data-brz-custom-id=\"wRspPAXl_FoL\">\n<div data-brz-translate-text=\"1\">\n<h1 class=\"brz-tp-lg-heading1 brz-css-zmDa1\" data-generated-css=\"brz-css-rIzDU\" data-uniq-id=\"cWDba\"><span class=\"brz-cp-color2\">COOKIES<\/span><\/h1>\n<\/div>\n<\/div>\n<\/div>\n<div id=\"\" class=\"brz-css-1dr31ur brz-wrapper\">\n<div class=\"brz-rich-text brz-rich-text__custom brz-css-dobmdp\" data-brz-custom-id=\"bhCmCuGBsRc8\">\n<div data-brz-translate-text=\"1\">\n<p class=\"brz-tp-lg-paragraph brz-css-dlc1Q\" data-uniq-id=\"zaeRN\" data-generated-css=\"brz-css-fptkN\"><span class=\"brz-cp-color2\">El lloc web www.ipvc.es, pot utilitzar \u201ccookies\u201d. Les \u201ccookies\u201d s\u00f3n petits arxius de text que el servidor envia a l\u2019ordinador de l\u2019usuari que accedeix a la p\u00e0gina. Es tracta d\u2019una t\u00e8cnica utilitzada de manera habitual a Internet per dur a terme determinades funcions que s\u00f3n considerades imprescindibles per al correcte funcionament i visualitzaci\u00f3 del lloc. Les \u201ccookies\u201d utilitzades al lloc web tenen, en tot cas, car\u00e0cter temporal amb l\u2019\u00fanica finalitat de fer m\u00e9s efica\u00e7 la seva transmissi\u00f3 i desapareixen en acabar la sessi\u00f3 de l\u2019usuari. En cap cas s\u2019utilitzaran les \u201ccookies\u201d per recollir informaci\u00f3 de car\u00e0cter personal. Es pot recollir l\u2019adre\u00e7a IP que utilitza l\u2019ordinador per connectar-se al lloc web, l\u2019adre\u00e7a URL de la p\u00e0gina web demanada, l\u2019hora i la data de la connexi\u00f3 i altres par\u00e0metres relacionats amb l\u2019entorn inform\u00e0tic de l\u2019usuari. Les \u201ccookies\u201d queden guardades a la mem\u00f2ria del navegador de l\u2019usuari, tot i que la informaci\u00f3 que contenen no s\u2019utilitza.<\/span><\/p>\n<p class=\"brz-tp-lg-paragraph brz-css-jsa0j\" data-uniq-id=\"byOVJ\" data-generated-css=\"brz-css-vywcG\"><\/p>\n<p class=\"brz-tp-lg-paragraph brz-css-fsHJH\" data-uniq-id=\"uiEys\" data-generated-css=\"brz-css-wFdXE\"><strong class=\"brz-cp-color2\">Com gestionar les \u201ccookies\u201d<\/strong><\/p>\n<p class=\"brz-tp-lg-paragraph brz-css-n054o\" data-uniq-id=\"zY67L\" data-generated-css=\"brz-css-rWQC7\"><span class=\"brz-cp-color2\">Encara que a IPEVECE&nbsp;no utilitzem les \u201ccookies\u201d per recollir dades personals que el podrien identificar, informem com pot:<\/span><\/p>\n<p class=\"brz-bcp-color2 brz-tp-lg-paragraph brz-css-uBC1v\" data-uniq-id=\"k3uyb\" data-generated-css=\"brz-css-jSsen\"><\/p>\n<ul>\n<li class=\"brz-tp-lg-paragraph brz-bcp-color2 brz-css-oEGQk\" data-uniq-id=\"ndMQj\" data-generated-css=\"brz-css-yQcTL\"><span class=\"brz-cp-color2\">Controlar les \u201ccookies\u201d&nbsp;que s\u2019instal\u00b7len en el vostre navegador:&nbsp;http:\/\/www.aboutcookies.org\/Default.aspx?page=1&nbsp;(en angl\u00e8s)<\/span><\/li>\n<li class=\"brz-tp-lg-paragraph brz-bcp-color2 brz-css-nl9n7\" data-uniq-id=\"dI32B\" data-generated-css=\"brz-css-k8JcM\"><span class=\"brz-cp-color2\">Eliminar les \u201ccookies\u201d&nbsp;del navegador de l\u2019usuari:&nbsp;http:\/\/www.aboutcookies.org\/Default.aspx?page=2&nbsp;(en angl\u00e8s)<\/span><\/li>\n<\/ul>\n<p class=\"brz-tp-lg-paragraph brz-css-pIYmx\" data-uniq-id=\"f2ojE\" data-generated-css=\"brz-css-ciAIt\"><\/p>\n<\/div>\n<\/div>\n<\/div>\n<\/div>\n<\/div>\n<\/section>\n<footer id=\"_uqrjR71R0qCL\" class=\"brz-footer brz-css-118gnhw brz-css-9swj3i\" data-brz-custom-id=\"uqrjR71R0qCL\">\n<div class=\"brz-bg\">\n<div class=\"brz-bg-color\"><\/div>\n<\/div>\n<div class=\"brz-container brz-css-1ih5hmr\">\n<div class=\"brz-row__container brz-css-14gsuxn\" data-brz-custom-id=\"yXIOST_A2OuL\">\n<div class=\"brz-bg\"><\/div>\n<div class=\"brz-row brz-css-17r7wna brz-css-mvdj1f\">\n<div class=\"brz-columns brz-css-17qodrh brz-css-hpw01d\" data-brz-custom-id=\"oPd0T1NSAVaw\">\n<div class=\"brz-bg\"><\/div>\n<div class=\"brz-column__items brz-css-17zz5lc brz-css-1y0oink\">\n<div class=\"brz-row__container brz-css-14gsuxn\" data-brz-custom-id=\"ePJYLf_S3jw2\">\n<div class=\"brz-bg\"><\/div>\n<div class=\"brz-row brz-row--inner brz-css-17r7wna\">\n<div class=\"brz-columns brz-css-17qodrh\" data-brz-custom-id=\"uVzy_V_nBEd3\">\n<div class=\"brz-bg\"><\/div>\n<div class=\"brz-column__items brz-css-17zz5lc\">\n<div id=\"\" class=\"brz-css-1dr31ur brz-wrapper\">\n<div class=\"brz-rich-text brz-rich-text__custom brz-css-dobmdp\" data-brz-custom-id=\"o9xadItP3Wbn\">\n<div data-brz-translate-text=\"1\">\n<h1 class=\"brz-tp-lg-heading1 brz-css-dglZE\" data-generated-css=\"brz-css-qBAqX\" data-uniq-id=\"qw2Js\"><span>CONTACTE<\/span><\/h1>\n<p class=\"brz-tp-lg-paragraph brz-css-d9JsI\" data-generated-css=\"brz-css-z1QI0\" data-uniq-id=\"zXsUC\"><span> <\/span><\/p>\n<p class=\"brz-fs-lg-16 brz-ft-google brz-ff-montserrat brz-tp-lg-empty brz-lh-lg-1_6 brz-ls-lg-m_0_2 brz-fw-lg-900 brz-fss-lg-px brz-css-jKnWV\" data-generated-css=\"brz-css-oSRYR\" data-uniq-id=\"vwULf\"><strong>IPEVECE S.L.U.<\/strong><\/p>\n<p class=\"brz-tp-lg-empty brz-ff-montserrat brz-ft-google brz-fs-lg-12 brz-fss-lg-px brz-fw-lg-400 brz-ls-lg-m_0_2 brz-lh-lg-1_6 brz-css-oTPvX\" data-generated-css=\"brz-css-okwBj\" data-uniq-id=\"gDEEi\"><\/p>\n<p class=\"brz-tp-lg-empty brz-ff-montserrat brz-ft-google brz-fs-lg-12 brz-fss-lg-px brz-fw-lg-400 brz-ls-lg-m_0_2 brz-lh-lg-1_6 brz-css-mudvU\" data-generated-css=\"brz-css-cvHfs\" data-uniq-id=\"mgnWD\"><span>info@ipvc.es<\/span><\/p>\n<p class=\"brz-tp-lg-empty brz-ff-montserrat brz-ft-google brz-fs-lg-12 brz-fss-lg-px brz-fw-lg-400 brz-ls-lg-m_0_2 brz-lh-lg-1_6 brz-css-e4X9X\" data-generated-css=\"brz-css-u3I23\" data-uniq-id=\"yXSzz\"><span>(+34) 647 644 744<\/span><\/p>\n<p class=\"brz-tp-lg-empty brz-ff-montserrat brz-ft-google brz-fs-lg-12 brz-fss-lg-px brz-fw-lg-400 brz-ls-lg-m_0_2 brz-lh-lg-1_6 brz-css-tcRLU\" data-generated-css=\"brz-css-yevEi\" data-uniq-id=\"lA6xL\"><\/p>\n<p class=\"brz-tp-lg-empty brz-ff-montserrat brz-ft-google brz-fs-lg-12 brz-fss-lg-px brz-fw-lg-400 brz-ls-lg-m_0_2 brz-lh-lg-1_6 brz-css-laLuL\" data-generated-css=\"brz-css-akBxs\" data-uniq-id=\"o8CoX\"><span>Carrer Adra 1, Local 1<\/span><\/p>\n<p class=\"brz-tp-lg-empty brz-ff-montserrat brz-ft-google brz-fs-lg-12 brz-fss-lg-px brz-fw-lg-400 brz-ls-lg-m_0_2 brz-lh-lg-1_6 brz-css-aChtX\" data-generated-css=\"brz-css-pXZGv\" data-uniq-id=\"vpTmE\"><span>08225 &#8211; Terrassa<\/span><\/p>\n<\/div>\n<\/div>\n<\/div>\n<\/div>\n<\/div>\n<div class=\"brz-columns brz-css-17qodrh\" data-brz-custom-id=\"gmOOWyaLMeSL\">\n<div class=\"brz-bg\"><\/div>\n<div class=\"brz-column__items brz-css-17zz5lc\">\n<div id=\"\" class=\"brz-css-1dr31ur brz-wrapper\">\n<div data-brz-form-version=\"2\" class=\"brz-forms2 brz-css-hcdrio brz-css-14aq3v\" data-brz-custom-id=\"pSWQ7uy5FDb6\">\n<div data-brz-translate-text=\"1\" class=\"brz-forms2__item brz-css-1fh5hdc brz-css-1b5jlbb brz-css-cv4j4k\"><\/div>\n<div data-brz-translate-text=\"1\" class=\"brz-forms2__item brz-css-1fh5hdc brz-css-1b5jlbb brz-css-cv4j4k\"><\/div>\n<div data-brz-translate-text=\"1\" class=\"brz-forms2__item brz-css-1fh5hdc brz-css-1b5jlbb brz-css-cv4j4k brz-css-3mcwa5\"><textarea id=\"e7jCfIqc31Fl_\" name=\"yeeoIWKY9xj4\" data-brz-type=\"Paragraph\" data-brz-label=\"Missatge\" data-brz-placeholder=\"Missatge\" class=\"brz-textarea brz-forms2__field brz-forms2__field-paragraph\"><\/textarea><\/div>\n<div class=\"brz-forms2 brz-forms2__item brz-forms2__item-button\" data-brz-custom-id=\"pSWQ7uy5FDb6\"><button class=\"brz-btn brz-btn-submit brz-css-6pt8n4 brz-css-fcl3xu\" data-brz-custom-id=\"pIzpLCpugkqw\"><span data-brz-translate-text=\"1\" class=\"brz-span brz-text__editor\">ENVIAR<\/span><\/button><\/div>\n<div class=\"brz-g-recaptcha\" data-sitekey=\"\" data-size=\"invisible\" data-callback=\"brzFormV2Captcha\"><\/div>\n<\/div>\n<\/div>\n<\/div>\n<\/div>\n<\/div>\n<\/div>\n<div id=\"\" class=\"brz-css-1dr31ur brz-css-cahk44 brz-wrapper\">\n<div class=\"brz-spacer brz-css-1nth39b brz-css-2sh9rl\"><\/div>\n<\/div>\n<div id=\"\" class=\"brz-css-1dr31ur brz-wrapper\">\n<div class=\"brz-line brz-line-default brz-css-1eayccq brz-css-aqbtwc\" data-brz-custom-id=\"czqkrG9EwDre\">\n<hr class=\"brz-hr\"><\/div>\n<\/div>\n<div id=\"\" data-brz-iteration-count=\"1\" class=\"brz-css-1dr31ur brz-css-1kn6o5l brz-wrapper brz-animated brz-css-hfl874 brz-css-12p46sb\" data-animationid=\"zpLzfz7obnRo\">\n<div class=\"brz-image brz-css-1m0h2q\" data-brz-custom-id=\"eVyoqj2Eg7UO\"><a class=\"brz-a\" href=\"\" target=\"_self\" rel=\"noopener\" data-brz-link-type=\"page\"><img decoding=\"async\" class=\"brz-img\" src=\"https:\/\/ipvc.es\/wp-content\/uploads\/brizy\/imgs\/ipevece_logo-164x92x0x15x164x62x1703159745.png\" alt=\"\" loading=\"lazy\"><\/a><\/div>\n<\/div>\n<div class=\"brz-wrapper-clone brz-css-h11so\">\n<div class=\"brz-d-xs-flex brz-flex-xs-wrap brz-css-ubpu7n brz-css-s4isgc\" data-brz-custom-id=\"\">\n<div class=\"brz-wrapper-clone__item\" id=\"nG_LDi8n7gDK\">\n<div class=\"brz-icon__container\" data-brz-custom-id=\"nG_LDi8n7gDK\"><a class=\"brz-a\" href=\"#\" target=\"_blank\" rel=\"noopener\" data-brz-link-type=\"external\"><span class=\"brz-icon brz-span brz-css-1ht4kcz brz-css-18kcvck\"><\/span><\/a><\/div>\n<\/div>\n<div class=\"brz-wrapper-clone__item\" id=\"oxLTBjfcqR5A\">\n<div class=\"brz-icon__container\" data-brz-custom-id=\"oxLTBjfcqR5A\"><a class=\"brz-a\" href=\"#\" target=\"_blank\" rel=\"noopener\" data-brz-link-type=\"external\"><span class=\"brz-icon brz-span brz-css-1ht4kcz brz-css-1dl9tjg\"><\/span><\/a><\/div>\n<\/div>\n<div class=\"brz-wrapper-clone__item\" id=\"vIPTGzP2XY_5\">\n<div class=\"brz-icon__container\" data-brz-custom-id=\"vIPTGzP2XY_5\"><a class=\"brz-a\" href=\"#\" target=\"_blank\" rel=\"noopener\" data-brz-link-type=\"external\"><span class=\"brz-icon brz-span brz-css-1ht4kcz brz-css-1hrm70g\"><\/span><\/a><\/div>\n<\/div>\n<\/div>\n<\/div>\n<\/div>\n<\/div>\n<\/div>\n<\/div>\n<div class=\"brz-row__container brz-css-14gsuxn\" data-brz-custom-id=\"hsJIAoNJ8nDi\">\n<div class=\"brz-bg\"><\/div>\n<div class=\"brz-row brz-css-17r7wna brz-css-mvdj1f\">\n<div class=\"brz-columns brz-css-17qodrh brz-css-1iccyp7\" data-brz-custom-id=\"zaVOg424uPLQ\">\n<div class=\"brz-bg\"><\/div>\n<div class=\"brz-column__items brz-css-17zz5lc brz-css-lr25w7\">\n<div id=\"\" class=\"brz-css-1dr31ur brz-css-17omgws brz-wrapper\">\n<div class=\"brz-rich-text brz-rich-text__custom brz-css-dobmdp\" data-brz-custom-id=\"uAmG_QlorCmZ\">\n<div data-brz-translate-text=\"1\">\n<p class=\"brz-lh-lg-1_6 brz-ls-lg-m_0_2 brz-fw-lg-400 brz-fss-lg-px brz-fs-lg-12 brz-ft-google brz-ff-montserrat brz-tp-lg-empty brz-text-sm-center brz-fs-sm-13 brz-fs-xs-14 brz-lh-sm-1_7 brz-text-xs-center brz-fw-xs-300 brz-lh-xs-1_7 brz-fw-sm-300 brz-text-lg-center brz-css-pnVtK\" data-generated-css=\"brz-css-nABEj\" data-uniq-id=\"xFZqP\"><span class=\"brz-cp-color6 brz-span\">IPVECE S.L.U. \u00a9 <\/span><span class=\"brz-cp-color6\">2024 <\/span><span class=\"brz-cp-color6\">Tots els drets reservats.<\/span><span class=\"brz-cp-color6 brz-span\">  <\/span><a class=\"brz-cp-color6 is-empty\" href=\"\" data-brz-link-type=\"page\"><u>AV\u00cdS LEGAL<\/u><\/a><\/p>\n<\/div>\n<\/div>\n<\/div>\n<\/div>\n<\/div>\n<\/div>\n<\/div>\n<\/div>\n<\/footer>\n<\/div>\n<p>    <!-- version:1736987647 --><\/p>\n","protected":false},"excerpt":{"rendered":"<p>COOKIES El lloc web www.ipvc.es, pot utilitzar \u201ccookies\u201d. Les \u201ccookies\u201d s\u00f3n petits arxius de text que el servidor envia a l\u2019ordinador de l\u2019usuari que accedeix a la p\u00e0gina. Es tracta d\u2019una t\u00e8cnica utilitzada de manera habitual a Internet per dur a terme determinades funcions que s\u00f3n considerades imprescindibles per al correcte funcionament i visualitzaci\u00f3 del&hellip; <a class=\"more-link\" href=\"https:\/\/ipvc.es\/index.php\/galetes\/\">Seguir leyendo <span class=\"screen-reader-text\">galetes<\/span><\/a><\/p>\n","protected":false},"author":1,"featured_media":0,"parent":0,"menu_order":0,"comment_status":"closed","ping_status":"closed","template":"brizy-blank-template.php","meta":{"footnotes":""},"class_list":["post-393","page","type-page","status-publish","hentry","entry"],"brizy_media":[],"_links":{"self":[{"href":"https:\/\/ipvc.es\/index.php\/wp-json\/wp\/v2\/pages\/393","targetHints":{"allow":["GET"]}}],"collection":[{"href":"https:\/\/ipvc.es\/index.php\/wp-json\/wp\/v2\/pages"}],"about":[{"href":"https:\/\/ipvc.es\/index.php\/wp-json\/wp\/v2\/types\/page"}],"author":[{"embeddable":true,"href":"https:\/\/ipvc.es\/index.php\/wp-json\/wp\/v2\/users\/1"}],"replies":[{"embeddable":true,"href":"https:\/\/ipvc.es\/index.php\/wp-json\/wp\/v2\/comments?post=393"}],"version-history":[{"count":3,"href":"https:\/\/ipvc.es\/index.php\/wp-json\/wp\/v2\/pages\/393\/revisions"}],"predecessor-version":[{"id":399,"href":"https:\/\/ipvc.es\/index.php\/wp-json\/wp\/v2\/pages\/393\/revisions\/399"}],"wp:attachment":[{"href":"https:\/\/ipvc.es\/index.php\/wp-json\/wp\/v2\/media?parent=393"}],"curies":[{"name":"wp","href":"https:\/\/api.w.org\/{rel}","templated":true}]}}